{"id":94,"date":"2023-04-24T23:48:03","date_gmt":"2023-04-24T23:48:03","guid":{"rendered":"https:\/\/madsigns.com.tr\/?page_id=94"},"modified":"2023-05-12T00:01:49","modified_gmt":"2023-05-12T00:01:49","slug":"contact","status":"publish","type":"page","link":"https:\/\/madsigns.com.tr\/?page_id=94","title":{"rendered":"Contact"},"content":{"rendered":"\n<div class=\"wp-block-columns is-layout-flex wp-container-3\">\n<div class=\"wp-block-column is-vertically-aligned-center is-layout-flow\">\n<p><strong>Phone<\/strong>: + 90 553 206 12 13<\/p>\n\n\n\n<p><strong>Email<\/strong>: info@madsigns.com.tr<\/p>\n\n\n\n<p><strong>ISTANBUL<\/strong><\/p>\n\n\n\n<p>Yenisahra Mah. Y\u0131ld\u0131r\u0131m Beyaz\u0131t Cad.\u00a0 No:7\/B Ata\u015fehir, Istanbul, TURKEY<\/p>\n\n\n\n<p><strong>ADANA<\/strong><\/p>\n\n\n\n<p>Ye\u015filoba Mah. Adana Metal Sanayi Sitesi 46253 Sok.\u00a028. Blok No: 3\/B Seyhan, Adana, TURKEY<\/p>\n<\/div>\n\n\n\n<div class=\"wp-block-column is-vertically-aligned-center is-layout-flow\">\n<iframe src=\"https:\/\/www.google.com\/maps\/embed?pb=!1m18!1m12!1m3!1d3186.975585831157!2d35.25428697548218!3d36.98651595717536!2m3!1f0!2f0!3f0!3m2!1i1024!2i768!4f13.1!3m3!1m2!1s0x152887ca9db18683%3A0x747019fbcd9513f6!2sMad%20End%C3%BCstriyel%20Reklam%20Ve%20Dekorasyon%20%C4%B0n%C5%9Faat%20Tekstil%20San.%20Ve%20Tic.%20Ltd.%20%C5%9Eti.!5e0!3m2!1sen!2str!4v1683760381118!5m2!1sen!2str\" width=\"600\" height=\"450\" style=\"border:0;\" allowfullscreen=\"\" loading=\"lazy\" referrerpolicy=\"no-referrer-when-downgrade\"><\/iframe>\n<\/div>\n<\/div>\n","protected":false},"excerpt":{"rendered":"<p>Phone: + 90 553 206 12 13 Email: info@madsigns.com.tr ISTANBUL Yenisahra Mah. Y\u0131ld\u0131r\u0131m Beyaz\u0131t Cad.\u00a0 No:7\/B Ata\u015fehir, Istanbul, TURKEY ADANA Ye\u015filoba Mah. Adana Metal Sanayi Sitesi 46253 Sok.\u00a028. Blok No: 3\/B Seyhan, Adana, TURKEY<\/p>\n","protected":false},"author":1,"featured_media":0,"parent":0,"menu_order":0,"comment_status":"closed","ping_status":"closed","template":"","meta":[],"_links":{"self":[{"href":"https:\/\/madsigns.com.tr\/index.php?rest_route=\/wp\/v2\/pages\/94"}],"collection":[{"href":"https:\/\/madsigns.com.tr\/index.php?rest_route=\/wp\/v2\/pages"}],"about":[{"href":"https:\/\/madsigns.com.tr\/index.php?rest_route=\/wp\/v2\/types\/page"}],"author":[{"embeddable":true,"href":"https:\/\/madsigns.com.tr\/index.php?rest_route=\/wp\/v2\/users\/1"}],"replies":[{"embeddable":true,"href":"https:\/\/madsigns.com.tr\/index.php?rest_route=%2Fwp%2Fv2%2Fcomments&post=94"}],"version-history":[{"count":47,"href":"https:\/\/madsigns.com.tr\/index.php?rest_route=\/wp\/v2\/pages\/94\/revisions"}],"predecessor-version":[{"id":207,"href":"https:\/\/madsigns.com.tr\/index.php?rest_route=\/wp\/v2\/pages\/94\/revisions\/207"}],"wp:attachment":[{"href":"https:\/\/madsigns.com.tr\/index.php?rest_route=%2Fwp%2Fv2%2Fmedia&parent=94"}],"curies":[{"name":"wp","href":"https:\/\/api.w.org\/{rel}","templated":true}]}}